{"id":2581,"date":"2022-08-08T21:29:48","date_gmt":"2022-08-08T21:29:48","guid":{"rendered":"https:\/\/xn--diseologotipos-tnb.com\/mbperfumeria\/?page_id=2581"},"modified":"2022-08-08T21:31:26","modified_gmt":"2022-08-08T21:31:26","slug":"terminos-y-condiciones-de-uso","status":"publish","type":"page","link":"https:\/\/xn--diseologotipos-tnb.com\/mbperfumeria\/terminos-y-condiciones-de-uso\/","title":{"rendered":"T\u00e9rminos y Condiciones de Uso"},"content":{"rendered":"\t\t<div data-elementor-type=\"wp-page\" data-elementor-id=\"2581\" class=\"elementor elementor-2581\">\n\t\t\t\t\t\t\t\t\t<section class=\"elementor-section elementor-top-section elementor-element elementor-element-0226241 elementor-section-boxed elementor-section-height-default elementor-section-height-default\" data-id=\"0226241\" data-element_type=\"section\">\n\t\t\t\t\t\t<div class=\"elementor-container elementor-column-gap-default\">\n\t\t\t\t\t<div class=\"elementor-column elementor-col-100 elementor-top-column elementor-element elementor-element-a847694\" data-id=\"a847694\" data-element_type=\"column\">\n\t\t\t<div class=\"elementor-widget-wrap elementor-element-populated\">\n\t\t\t\t\t\t\t\t<div class=\"elementor-element elementor-element-1a94a19 elementor-widget elementor-widget-heading\" data-id=\"1a94a19\" data-element_type=\"widget\" data-widget_type=\"heading.default\">\n\t\t\t\t<div class=\"elementor-widget-container\">\n\t\t\t<style>\/*! elementor - v3.6.8 - 27-07-2022 *\/\n.elementor-heading-title{padding:0;margin:0;line-height:1}.elementor-widget-heading .elementor-heading-title[class*=elementor-size-]>a{color:inherit;font-size:inherit;line-height:inherit}.elementor-widget-heading .elementor-heading-title.elementor-size-small{font-size:15px}.elementor-widget-heading .elementor-heading-title.elementor-size-medium{font-size:19px}.elementor-widget-heading .elementor-heading-title.elementor-size-large{font-size:29px}.elementor-widget-heading .elementor-heading-title.elementor-size-xl{font-size:39px}.elementor-widget-heading .elementor-heading-title.elementor-size-xxl{font-size:59px}<\/style><h2 class=\"elementor-heading-title elementor-size-default\">T\u00e9rminos y Condiciones de Uso<\/h2>\t\t<\/div>\n\t\t\t\t<\/div>\n\t\t\t\t<div class=\"elementor-element elementor-element-dbd976e elementor-widget elementor-widget-text-editor\" data-id=\"dbd976e\" data-element_type=\"widget\" data-widget_type=\"text-editor.default\">\n\t\t\t\t<div class=\"elementor-widget-container\">\n\t\t\t<style>\/*! elementor - v3.6.8 - 27-07-2022 *\/\n.elementor-widget-text-editor.elementor-drop-cap-view-stacked .elementor-drop-cap{background-color:#818a91;color:#fff}.elementor-widget-text-editor.elementor-drop-cap-view-framed .elementor-drop-cap{color:#818a91;border:3px solid;background-color:transparent}.elementor-widget-text-editor:not(.elementor-drop-cap-view-default) .elementor-drop-cap{margin-top:8px}.elementor-widget-text-editor:not(.elementor-drop-cap-view-default) .elementor-drop-cap-letter{width:1em;height:1em}.elementor-widget-text-editor .elementor-drop-cap{float:left;text-align:center;line-height:1;font-size:50px}.elementor-widget-text-editor .elementor-drop-cap-letter{display:inline-block}<\/style>\t\t\t\t<p><strong>INFORMACI\u00d3N RELEVANTE<\/strong><\/p><p>Es requisito necesario para la adquisici\u00f3n de los productos que se ofrecen en este sitio, que lea y acepte los siguientes T\u00e9rminos y Condiciones que a continuaci\u00f3n se redactan. El uso de nuestros servicios, as\u00ed como la compra de nuestros productos implicar\u00e1 que usted ha le\u00eddo y aceptado los T\u00e9rminos y Condiciones de Uso en el presente documento. Para adquirir un producto, ser\u00e1 necesario el registro por parte del usuario, con ingreso de datos personales fidedignos y definici\u00f3n de una contrase\u00f1a.<\/p><p>El usuario puede elegir y cambiar la clave para su acceso de administraci\u00f3n de la cuenta en cualquier momento, en caso de que se haya registrado y que sea necesario para la compra de alguno de nuestros productos. Mbperfumeria.com no asume la responsabilidad en caso de que entregue dicha clave a terceros.<\/p><p>Todas las compras y transacciones que se lleven a cabo por medio de este sitio web est\u00e1n sujetas a un proceso de confirmaci\u00f3n y verificaci\u00f3n, el cual podr\u00eda incluir la verificaci\u00f3n del stock y disponibilidad de producto, validaci\u00f3n de la forma de pago, validaci\u00f3n de la factura (en caso de existir) y el cumplimiento de las condiciones requeridas por el medio de pago seleccionado. En algunos casos puede que se requiera una verificaci\u00f3n por medio de correo electr\u00f3nico.<\/p><p>Los precios de los productos ofrecidos en mbperfumeria.com son v\u00e1lidos solamente en las compras realizadas en este sitio web.<\/p>\t\t\t\t\t\t<\/div>\n\t\t\t\t<\/div>\n\t\t\t\t\t<\/div>\n\t\t<\/div>\n\t\t\t\t\t\t\t<\/div>\n\t\t<\/section>\n\t\t\t\t\t\t\t<\/div>\n\t\t","protected":false},"excerpt":{"rendered":"<p>T\u00e9rminos y Condiciones de Uso INFORMACI\u00d3N RELEVANTE Es requisito necesario para la adquisici\u00f3n de los productos que se ofrecen en este sitio, que lea y acepte los siguientes T\u00e9rminos y Condiciones que a continuaci\u00f3n se redactan. El uso de nuestros servicios, as\u00ed como la compra de nuestros productos implicar\u00e1 que usted ha le\u00eddo y aceptado [&hellip;]<\/p>\n","protected":false},"author":1,"featured_media":0,"parent":0,"menu_order":0,"comment_status":"closed","ping_status":"closed","template":"","meta":{"footnotes":""},"class_list":["post-2581","page","type-page","status-publish","hentry"],"_links":{"self":[{"href":"https:\/\/xn--diseologotipos-tnb.com\/mbperfumeria\/wp-json\/wp\/v2\/pages\/2581","targetHints":{"allow":["GET"]}}],"collection":[{"href":"https:\/\/xn--diseologotipos-tnb.com\/mbperfumeria\/wp-json\/wp\/v2\/pages"}],"about":[{"href":"https:\/\/xn--diseologotipos-tnb.com\/mbperfumeria\/wp-json\/wp\/v2\/types\/page"}],"author":[{"embeddable":true,"href":"https:\/\/xn--diseologotipos-tnb.com\/mbperfumeria\/wp-json\/wp\/v2\/users\/1"}],"replies":[{"embeddable":true,"href":"https:\/\/xn--diseologotipos-tnb.com\/mbperfumeria\/wp-json\/wp\/v2\/comments?post=2581"}],"version-history":[{"count":4,"href":"https:\/\/xn--diseologotipos-tnb.com\/mbperfumeria\/wp-json\/wp\/v2\/pages\/2581\/revisions"}],"predecessor-version":[{"id":2585,"href":"https:\/\/xn--diseologotipos-tnb.com\/mbperfumeria\/wp-json\/wp\/v2\/pages\/2581\/revisions\/2585"}],"wp:attachment":[{"href":"https:\/\/xn--diseologotipos-tnb.com\/mbperfumeria\/wp-json\/wp\/v2\/media?parent=2581"}],"curies":[{"name":"wp","href":"https:\/\/api.w.org\/{rel}","templated":true}]}}